{"id":352,"date":"2023-08-09T08:57:45","date_gmt":"2023-08-09T06:57:45","guid":{"rendered":"http:\/\/gbjobs.sunrise-web.com\/?page_id=352"},"modified":"2025-02-11T07:19:37","modified_gmt":"2025-02-11T06:19:37","slug":"impresszum","status":"publish","type":"page","link":"https:\/\/career.galtenberg.at\/hu\/impresszum\/","title":{"rendered":"Impresszum"},"content":{"rendered":"<div class=\"fusion-fullwidth fullwidth-box fusion-builder-row-1 fusion-flex-container nonhundred-percent-fullwidth non-hundred-percent-height-scrolling\" style=\"--awb-border-radius-top-left:0px;--awb-border-radius-top-right:0px;--awb-border-radius-bottom-right:0px;--awb-border-radius-bottom-left:0px;--awb-padding-right-small:15px;--awb-padding-left-small:15px;--awb-flex-wrap:wrap;\" ><div class=\"fusion-builder-row fusion-row fusion-flex-align-items-flex-start fusion-flex-content-wrap\" style=\"max-width:1185.6px;margin-left: calc(-4% \/ 2 );margin-right: calc(-4% \/ 2 );\"><div class=\"fusion-layout-column fusion_builder_column fusion-builder-column-0 fusion_builder_column_1_1 1_1 fusion-flex-column hyphen\" style=\"--awb-bg-size:cover;--awb-width-large:100%;--awb-margin-top-large:0px;--awb-spacing-right-large:1.92%;--awb-margin-bottom-large:20px;--awb-spacing-left-large:1.92%;--awb-width-medium:100%;--awb-order-medium:0;--awb-spacing-right-medium:1.92%;--awb-spacing-left-medium:1.92%;--awb-width-small:100%;--awb-order-small:0;--awb-spacing-right-small:5px;--awb-spacing-left-small:5px;\"><div class=\"fusion-column-wrapper fusion-column-has-shadow fusion-flex-justify-content-flex-start fusion-content-layout-column\"><div class=\"fusion-title title fusion-title-1 fusion-sep-none fusion-title-text fusion-title-size-one\" style=\"--awb-margin-bottom:8px;--awb-margin-top-small:10px;--awb-margin-right-small:0px;--awb-margin-bottom-small:10px;--awb-margin-left-small:0px;\"><h1 class=\"fusion-title-heading title-heading-left fusion-responsive-typography-calculated\" style=\"margin:0;--fontSize:35;line-height:1.5;\">Impresszum<\/h1><\/div><div class=\"fusion-text fusion-text-1\" style=\"--awb-text-transform:none;\"><p><strong style=\"font-size: 20px; color: #957840; letter-spacing: 2px; font-weight: bold;\">K\u00f6telez\u0151 adatok<\/strong><\/p>\n<p>Ciacos GmbH<br \/>\n4*S Galtenberg Family & Wellness Resort<br \/>\nAlpbach 40<br \/>\n6236 Alpbach<\/p>\n<p>Telefon: <a href=\"tel:+4353365610\">+43(5336)5610<\/a><br \/>\nWhatsapp: <a href=\"https:\/\/wa.me\/+4366488363262\">+43 664 8836 3262<\/a><\/p>\n<p>E-Mail: <a href=\"mailto:info@galtenberg.com\">infogaltenberg.com<\/a><br \/>\nInternet: <a href=\"https:\/\/www.galtenberg.at\/\">www.galtenberg.at<\/a><\/p>\n<p>K\u00e9pviseletre jogosult \u00fcgyvezet\u0151: Frank Kostner<br \/>\nTartalmi felel\u0151s: Frank Kostner (a c\u00edmet l\u00e1sd fent)<\/p>\n<p>Kamarai tags\u00e1g:<br \/>\nTiroli gazdas\u00e1gi kamara<\/p>\n<p>Uni\u00f3s ad\u00f3sz\u00e1m: ATU73318215<br \/>\nC\u00e9gjegyz\u00e9ksz\u00e1m: 257112g<br \/>\nC\u00e9gb\u00edr\u00f3s\u00e1g: Innsbruck<\/p>\n<p><strong style=\"font-size: 20px; color: #957840; letter-spacing: 2px; font-weight: bold;\">A weboldal \u00fczemeltet\u0151je<\/strong><\/p>\n<p>Sunrise Web & Marketing GmbH<br \/>\nOnline-Marketing \u00dcgyn\u00f6ks\u00e9g<br \/>\nSchlo\u00df-Wolfsbrunnenweg 15\/1<br \/>\nD-69120 Heidelberg<br \/>\n<a href=\"https:\/\/www.sunrise-web.de\/\">www.sunrise-web.de<\/a><\/p>\n<p><strong style=\"font-size: 20px; color: #957840; letter-spacing: 2px; font-weight: bold;\">Felel\u0151ss\u00e9gi t\u00e1j\u00e9koztat\u00f3<\/strong><\/p>\n<p>A gondos tartalmi ellen\u0151rz\u00e9s ellen\u00e9re a k\u00fcls\u0151 hivatkoz\u00e1sok tartalm\u00e1\u00e9rt semmilyen felel\u0151ss\u00e9get nem v\u00e1llalunk.<br \/>\nA hivatkoz\u00e1sokra kattintva el\u00e9rhet\u0151 oldalak tartalm\u00e1\u00e9rt az oldalak \u00fczemeltet\u0151je felel\u0151s.<\/p>\n<p><strong style=\"font-size: 20px; color: #957840; letter-spacing: 2px; font-weight: bold;\">Az online fogyaszt\u00f3i vitarendez\u0151 platformj\u00e1val kapcsolatos t\u00e1j\u00e9koztat\u00f3<\/strong><\/p>\n<p>Az Eur\u00f3pai Bizotts\u00e1g online vitarendez\u00e9si platformja: <a style=\"font-weight: 400;\" href=\"https:\/\/ec.europa.eu\/consumers\/odr\/main\/index.cfm?event=main.home.chooseLanguage\/\" target=\"_blank\" rel=\"noopener\">ec.europa.eu\/consumers\/odr\/<\/a>.<\/p>\n<p><strong style=\"font-size: 20px; color: #957840; letter-spacing: 2px; font-weight: bold;\">K\u00e9p kreditpontok<\/strong><\/p>\n<p>\u00a9 <a style=\"font-weight: 400;\" href=\"https:\/\/www.alpbachtal.at\/de\/\" target=\"_blank\" rel=\"noopener\">Tourismusverband Alpbachtal<\/a><\/p>\n<p><strong>Fotolia.com:<\/strong>\u00a0\u00a9\u00a0<a style=\"font-weight: 400;\" href=\"http:\/\/de.fotolia.com\/id\/26990601\/\" target=\"_blank\" rel=\"noopener\">Kzenon<\/a>, \u00a9\u00a0<a style=\"font-weight: 400;\" href=\"http:\/\/de.fotolia.com\/id\/50521768\/\" target=\"_blank\" rel=\"noopener\">Fotowerk<\/a>, \u00a9\u00a0<a style=\"font-weight: 400;\" href=\"http:\/\/de.fotolia.com\/id\/45037434\/\" target=\"_blank\" rel=\"noopener\">S.Kobold<\/a>, \u00a9\u00a0<a style=\"font-weight: 400;\" href=\"http:\/\/de.fotolia.com\/id\/48850042\/\" target=\"_blank\" rel=\"noopener\">Valua Vitaly<\/a>, \u00a9\u00a0<a style=\"font-weight: 400;\" href=\"http:\/\/de.fotolia.com\/id\/43069566\/\" target=\"_blank\" rel=\"noopener\">Barbara-Maria Damrau<\/a>, \u00a9\u00a0<a style=\"font-weight: 400;\" href=\"http:\/\/de.fotolia.com\/id\/51074457\/\" target=\"_blank\" rel=\"noopener\">Dmytro Titov<\/a>, \u00a9\u00a0<a style=\"font-weight: 400;\" href=\"http:\/\/de.fotolia.com\/id\/37211486\/\" target=\"_blank\" rel=\"noopener\">panthesja<\/a>, \u00a9\u00a0<a style=\"font-weight: 400;\" href=\"http:\/\/de.fotolia.com\/id\/48081592\/\" target=\"_blank\" rel=\"noopener\">Leonid & Anna Dedukh<\/a>, \u00a9\u00a0<a style=\"font-weight: 400;\" href=\"http:\/\/de.fotolia.com\/id\/43216371\/\" target=\"_blank\" rel=\"noopener\">Anna Khomulo<\/a>, \u00a9\u00a0<a style=\"font-weight: 400;\" href=\"http:\/\/de.fotolia.com\/id\/49047545\/\" target=\"_blank\" rel=\"noopener\">Dron<\/a>, \u00a9\u00a0<a style=\"font-weight: 400;\" href=\"http:\/\/de.fotolia.com\/id\/51121227\/\" target=\"_blank\" rel=\"noopener\">Andrey Kiselev<\/a>, \u00a9\u00a0<a style=\"font-weight: 400;\" href=\"http:\/\/de.fotolia.com\/id\/30628417\/\" target=\"_blank\" rel=\"noopener\">sonne fleckl<\/a>, \u00a9\u00a0<a style=\"font-weight: 400;\" href=\"http:\/\/de.fotolia.com\/id\/45613400\/\" target=\"_blank\" rel=\"noopener\">zhagunov_a<\/a>, \u00a9\u00a0<a style=\"font-weight: 400;\" href=\"http:\/\/de.fotolia.com\/id\/50981620\/\" target=\"_blank\" rel=\"noopener\">Andrey Kiselev<\/a>, \u00a9\u00a0<a style=\"font-weight: 400;\" href=\"http:\/\/de.fotolia.com\/id\/38024273\/\" target=\"_blank\" rel=\"noopener\">Picture-Factory<\/a>, \u00a9\u00a0<a style=\"font-weight: 400;\" href=\"http:\/\/de.fotolia.com\/id\/38481940\/\" target=\"_blank\" rel=\"noopener\">F.Schmidt<\/a>, \u00a9\u00a0<a style=\"font-weight: 400;\" href=\"http:\/\/de.fotolia.com\/id\/7060373\/\" target=\"_blank\" rel=\"noopener\">Kzenon<\/a>, \u00a9\u00a0<a style=\"font-weight: 400;\" href=\"http:\/\/de.fotolia.com\/id\/38307844\/\" target=\"_blank\" rel=\"noopener\">Sandra Thiele<\/a>, \u00a9\u00a0<a style=\"font-weight: 400;\" href=\"http:\/\/de.fotolia.com\/id\/45176412\/\" target=\"_blank\" rel=\"noopener\">goldbany<\/a>, \u00a9\u00a0<a style=\"font-weight: 400;\" href=\"http:\/\/de.fotolia.com\/id\/41980562\/\" target=\"_blank\" rel=\"noopener\">Sonja Birkelbach<\/a>, \u00a9\u00a0<a style=\"font-weight: 400;\" href=\"http:\/\/de.fotolia.com\/id\/33218314\/\" target=\"_blank\" rel=\"noopener\">Printemps<\/a>, \u00a9\u00a0<a style=\"font-weight: 400;\" href=\"http:\/\/de.fotolia.com\/id\/50793004\/\" target=\"_blank\" rel=\"noopener\">PhotoSG<\/a>, \u00a9\u00a0<a style=\"font-weight: 400;\" href=\"http:\/\/de.fotolia.com\/id\/13856168\/\" target=\"_blank\" rel=\"noopener\">EastWest Imaging<\/a>, \u00a9\u00a0<a style=\"font-weight: 400;\" href=\"http:\/\/de.fotolia.com\/id\/51652861\/\" target=\"_blank\" rel=\"noopener\">Jeanette Dietl<\/a>, \u00a9\u00a0<a style=\"font-weight: 400;\" href=\"http:\/\/de.fotolia.com\/id\/37480177\/\" target=\"_blank\" rel=\"noopener\">Michel Angelo<\/a>, \u00a9\u00a0<a style=\"font-weight: 400;\" href=\"http:\/\/de.fotolia.com\/id\/35841448\/\" target=\"_blank\" rel=\"noopener\">farbkombinat<\/a>, \u00a9\u00a0<a style=\"font-weight: 400;\" href=\"http:\/\/de.fotolia.com\/id\/32699482\/\" target=\"_blank\" rel=\"noopener\">anoli<\/a>, \u00a9\u00a0<a style=\"font-weight: 400;\" href=\"http:\/\/de.fotolia.com\/id\/27140093\/\" target=\"_blank\" rel=\"noopener\">Yuri Arcurs<\/a>, \u00a9\u00a0<a style=\"font-weight: 400;\" href=\"http:\/\/de.fotolia.com\/id\/41264250\/\" target=\"_blank\" rel=\"noopener\">Alena Ozerova<\/a>, \u00a9\u00a0<a style=\"font-weight: 400;\" href=\"http:\/\/de.fotolia.com\/id\/51235928\/\" target=\"_blank\" rel=\"noopener\">praisaeng<\/a>, \u00a9\u00a0<a style=\"font-weight: 400;\" href=\"http:\/\/de.fotolia.com\/id\/52126624\/\" target=\"_blank\" rel=\"noopener\">prudkov<\/a>\u00a0 \u00a9\u00a0<a style=\"font-weight: 400;\" href=\"http:\/\/de.fotolia.com\/id\/52126624\/\" target=\"_blank\" rel=\"noopener\">Marc Heiligenstein<\/a>\u00a0 \u00a9\u00a0<a style=\"font-weight: 400;\" href=\"http:\/\/de.fotolia.com\/id\/60053458\/\" target=\"_blank\" rel=\"noopener\">drubig-photo<\/a>\u00a0\u00a9\u00a0<a style=\"font-weight: 400;\" href=\"http:\/\/www.fotolia.com\/id\/58388116\/\" target=\"_blank\" rel=\"noopener\">ottochka<\/a>\u00a0\u00a9\u00a0<a style=\"font-weight: 400;\" href=\"http:\/\/www.fotolia.com\/id\/42475544\/\" target=\"_blank\" rel=\"noopener\">yanlev<\/a>, \u00a9\u00a0<a style=\"font-weight: 400;\" href=\"http:\/\/de.fotolia.com\/id\/58929688\/\" target=\"_blank\" rel=\"noopener\">Mikael Damkier<\/a>, \u00a9\u00a0<a style=\"font-weight: 400;\" href=\"http:\/\/de.fotolia.com\/id\/60008959\/\" target=\"_blank\" rel=\"noopener\">Warren Goldswain<\/a>, \u00a9\u00a0<a style=\"font-weight: 400;\" href=\"http:\/\/de.fotolia.com\/id\/62883150\/\" target=\"_blank\" rel=\"noopener\">ARochau<\/a>, \u00a9\u00a0<a style=\"font-weight: 400;\" href=\"http:\/\/de.fotolia.com\/id\/69849164?by=serie\/\" target=\"_blank\" rel=\"noopener\"><span id=\"content-view-title-contributor\" title=\"\u00a9 MNStudio\">MNStudio<\/span><\/a>\u00a0, \u00a9\u00a0<a style=\"font-weight: 400;\" href=\"http:\/\/de.fotolia.com\/id\/44701279?by=serie\/\" target=\"_blank\" rel=\"noopener\"><span id=\"content-view-title-contributor\" title=\"\u00a9 Ramona Heim\">Ramona Heim<\/span><\/a>\u00a0, \u00a9\u00a0<a style=\"font-weight: 400;\" href=\"http:\/\/de.fotolia.com\/id\/26546355\/\" target=\"_blank\" rel=\"noopener\"><span id=\"content-view-title-contributor\" title=\"\u00a9 mirpic\">mirpic<\/span><\/a>\u00a0, \u00a9\u00a0<a style=\"font-weight: 400;\" href=\"http:\/\/de.fotolia.com\/id\/51698055\/\" target=\"_blank\" rel=\"noopener\"><span id=\"content-view-title-contributor\" title=\"\u00a9 white\">white<\/span><\/a>, \u00a9\u00a0<a style=\"font-weight: 400;\" href=\"http:\/\/de.fotolia.com\/id\/70870413\/\" target=\"_blank\" rel=\"noopener\">Bobb Klissourski<\/a>\u00a0\u00a9\u00a0<a style=\"font-weight: 400;\" href=\"http:\/\/de.fotolia.com\/id\/57680568\/\" target=\"_blank\" rel=\"noopener\">BlueOrange Studio<\/a>\u00a0\u00a9\u00a0<a style=\"font-weight: 400;\" href=\"http:\/\/de.fotolia.com\/id\/71158806\/\" target=\"_blank\" rel=\"noopener\">Gorilla<\/a>\u00a0\u00a9\u00a0<a style=\"font-weight: 400;\" href=\"http:\/\/de.fotolia.com\/id\/72261677\/\" target=\"_blank\" rel=\"noopener\">karandaev<\/a>\u00a0\u00a9\u00a0<a style=\"font-weight: 400;\" href=\"http:\/\/de.fotolia.com\/id\/66261986\/\" target=\"_blank\" rel=\"noopener\">Paulista<\/a>\u00a0\u00a9\u00a0<a style=\"font-weight: 400;\" href=\"http:\/\/de.fotolia.com\/id\/75697152\/\" target=\"_blank\" rel=\"noopener\">ChristArt<\/a>\u00a0\u00a9\u00a0<a style=\"font-weight: 400;\" href=\"http:\/\/de.fotolia.com\/id\/73538093\/\" target=\"_blank\" rel=\"noopener\">Olga Lyubkin<\/a>\u00a0\u00a9\u00a0<a style=\"font-weight: 400;\" href=\"http:\/\/de.fotolia.com\/id\/74191488\/\" target=\"_blank\" rel=\"noopener\">grafikplusfoto<\/a>\u00a0\u00a9\u00a0<a style=\"font-weight: 400;\" href=\"http:\/\/de.fotolia.com\/id\/76559275\/\" target=\"_blank\" rel=\"noopener\">marog-pixcells<\/a>\u00a0\u00a9\u00a0<a style=\"font-weight: 400;\" href=\"http:\/\/de.fotolia.com\/id\/61621435\/\" target=\"_blank\" rel=\"noopener\">ChristArt<\/a>\u00a0\u00a9\u00a0<a style=\"font-weight: 400;\" href=\"https:\/\/de.fotolia.com\/id\/61141365\/\" target=\"_blank\" rel=\"noopener\">nasared<\/a>\u00a0\u00a9\u00a0<a style=\"font-weight: 400;\" href=\"https:\/\/de.fotolia.com\/id\/96156173\/\" target=\"_blank\" rel=\"noopener\">Karin & Uwe Annas<\/a><\/p>\n<p><strong>iStockphoto.com<\/strong>: \u00a9 <a style=\"font-weight: 400;\" href=\"https:\/\/www.istockphoto.com\/de\/portfolio\/CaptureLight\/\" target=\"_blank\" rel=\"noopener\">CaptureLight<\/a><\/p>\n<p>Kombinace cestovn\u00edch slu\u017eeb, kter\u00e9 jsou V\u00e1m nab\u00edzeny, p\u0159edstavuje souborn\u00e9 slu\u017eby ve smyslu sm\u011brnice (EU) 2015\/2302.<\/p>\n<p>Budou se na V\u00e1s proto vztahovat ve\u0161ker\u00e1 pr\u00e1va EU t\u00fdkaj\u00edc\u00ed se souborn\u00fdch slu\u017eeb. Spole\u010dnost (spole\u010dnosti) Ciacos GmbH ponese (ponesou) plnou odpov\u011bdnost za \u0159\u00e1dn\u00e9 poskytnut\u00ed souborn\u00fdch slu\u017eeb jako celku.<\/p>\n<p>Spole\u010dnost (spole\u010dnosti) Ciacos GmbH m\u00e1 (maj\u00ed) nav\u00edc ze z\u00e1kona povinnost zajistit ochranu, aby V\u00e1m mohla (mohly) vr\u00e1tit uskute\u010dn\u011bn\u00e9 platby, a pokud je sou\u010d\u00e1st\u00ed souborn\u00fdch slu\u017eeb doprava, zajistit Va\u0161i repatriaci v p\u0159\u00edpad\u011b, \u017ee se ocitne (ocitnou) v platebn\u00ed neschopnosti.<\/p>\n<\/div><\/div><\/div><\/div><\/div>\n","protected":false},"excerpt":{"rendered":"","protected":false},"author":2,"featured_media":0,"parent":0,"menu_order":0,"comment_status":"closed","ping_status":"closed","template":"100-width.php","meta":{"inline_featured_image":false,"footnotes":""},"class_list":["post-352","page","type-page","status-publish","hentry"],"_links":{"self":[{"href":"https:\/\/career.galtenberg.at\/hu\/wp-json\/wp\/v2\/pages\/352","targetHints":{"allow":["GET"]}}],"collection":[{"href":"https:\/\/career.galtenberg.at\/hu\/wp-json\/wp\/v2\/pages"}],"about":[{"href":"https:\/\/career.galtenberg.at\/hu\/wp-json\/wp\/v2\/types\/page"}],"author":[{"embeddable":true,"href":"https:\/\/career.galtenberg.at\/hu\/wp-json\/wp\/v2\/users\/2"}],"replies":[{"embeddable":true,"href":"https:\/\/career.galtenberg.at\/hu\/wp-json\/wp\/v2\/comments?post=352"}],"version-history":[{"count":6,"href":"https:\/\/career.galtenberg.at\/hu\/wp-json\/wp\/v2\/pages\/352\/revisions"}],"predecessor-version":[{"id":374,"href":"https:\/\/career.galtenberg.at\/hu\/wp-json\/wp\/v2\/pages\/352\/revisions\/374"}],"wp:attachment":[{"href":"https:\/\/career.galtenberg.at\/hu\/wp-json\/wp\/v2\/media?parent=352"}],"curies":[{"name":"wp","href":"https:\/\/api.w.org\/{rel}","templated":true}]}}